{"id":301,"date":"2021-11-18T19:07:30","date_gmt":"2021-11-18T22:07:30","guid":{"rendered":"https:\/\/icpan.com.br\/?page_id=301"},"modified":"2022-04-10T17:38:13","modified_gmt":"2022-04-10T20:38:13","slug":"mensagens","status":"publish","type":"page","link":"https:\/\/icpan.com.br\/index.php\/mensagens\/","title":{"rendered":"Mensagens"},"content":{"rendered":"<div class=\"nv-page-title-wrap nv-big-title\">\n<div class=\"nv-page-title \">\n<h1>Mensagens<\/h1>\n<\/div>\n<\/div>\n<div class=\"nv-content-wrap entry-content\">\n<p><strong>Em parceria com o Site do Pastor, disponibilizamos aqui diversos links onde voc\u00ea encontrar\u00e1:<\/strong><\/p>\n<ul>\n<li><strong><a href=\"https:\/\/www.sitedopastor.com.br\/esbocos-de-sermao\/\" target=\"_blank\" rel=\"noreferrer noopener\">Esbo\u00e7os de Serm\u00e3o<\/a><\/strong><\/li>\n<li><strong><a href=\"https:\/\/www.sitedopastor.com.br\/estudos-biblicos\/\" target=\"_blank\" rel=\"noreferrer noopener\">Estudos B\u00edblicos<\/a><\/strong><\/li>\n<li><strong><a href=\"https:\/\/www.sitedopastor.com.br\/ilustracoes\/\" target=\"_blank\" rel=\"noreferrer noopener\">Ilustra\u00e7\u00f5es<\/a><\/strong><\/li>\n<li><strong><a href=\"https:\/\/www.sitedopastor.com.br\/material-didatico-para-aulas-de-violao\/\" target=\"_blank\" rel=\"noreferrer noopener\">Material para curso de viol\u00e3o<\/a><\/strong><\/li>\n<li><a href=\"https:\/\/icpan.com.br\/index.php\/videos\/\"><b>V\u00eddeos<\/b><\/a><\/li>\n<li><strong><a href=\"https:\/\/www.sitedopastor.com.br\/\" target=\"_blank\" rel=\"noreferrer noopener\">Muito mais\u2026.<\/a><\/strong><\/li>\n<\/ul>\n<\/div>\n","protected":false},"excerpt":{"rendered":"<p>Mensagens Em parceria com o Site do Pastor, disponibilizamos aqui diversos links onde voc\u00ea encontrar\u00e1: Esbo\u00e7os de Serm\u00e3o Estudos B\u00edblicos Ilustra\u00e7\u00f5es Material para curso de viol\u00e3o V\u00eddeos Muito mais\u2026.<\/p>\n","protected":false},"author":1,"featured_media":0,"parent":0,"menu_order":0,"comment_status":"closed","ping_status":"closed","template":"","meta":{"_crdt_document":"","neve_meta_sidebar":"","neve_meta_container":"","neve_meta_enable_content_width":"off","neve_meta_content_width":100,"neve_meta_title_alignment":"","neve_meta_author_avatar":"","neve_post_elements_order":"","neve_meta_disable_header":"","neve_meta_disable_footer":"","neve_meta_disable_title":"on","_themeisle_gutenberg_block_has_review":false,"footnotes":""},"class_list":["post-301","page","type-page","status-publish","hentry"],"_links":{"self":[{"href":"https:\/\/icpan.com.br\/index.php\/wp-json\/wp\/v2\/pages\/301","targetHints":{"allow":["GET"]}}],"collection":[{"href":"https:\/\/icpan.com.br\/index.php\/wp-json\/wp\/v2\/pages"}],"about":[{"href":"https:\/\/icpan.com.br\/index.php\/wp-json\/wp\/v2\/types\/page"}],"author":[{"embeddable":true,"href":"https:\/\/icpan.com.br\/index.php\/wp-json\/wp\/v2\/users\/1"}],"replies":[{"embeddable":true,"href":"https:\/\/icpan.com.br\/index.php\/wp-json\/wp\/v2\/comments?post=301"}],"version-history":[{"count":3,"href":"https:\/\/icpan.com.br\/index.php\/wp-json\/wp\/v2\/pages\/301\/revisions"}],"predecessor-version":[{"id":330,"href":"https:\/\/icpan.com.br\/index.php\/wp-json\/wp\/v2\/pages\/301\/revisions\/330"}],"wp:attachment":[{"href":"https:\/\/icpan.com.br\/index.php\/wp-json\/wp\/v2\/media?parent=301"}],"curies":[{"name":"wp","href":"https:\/\/api.w.org\/{rel}","templated":true}]}}