{"id":124,"date":"2020-01-07T16:38:22","date_gmt":"2020-01-07T16:38:22","guid":{"rendered":"https:\/\/demosites.io\/painter-gb\/?page_id=10"},"modified":"2022-05-12T19:04:40","modified_gmt":"2022-05-12T22:04:40","slug":"contato","status":"publish","type":"page","link":"https:\/\/icpan.com.br\/index.php\/contato\/","title":{"rendered":"Contato"},"content":{"rendered":"<p><strong><img loading=\"lazy\" decoding=\"async\" class=\"size-full wp-image-202 aligncenter\" src=\"http:\/\/icpan.com.br\/wp-content\/uploads\/2021\/11\/coracao-estreito.png\" alt=\"\" width=\"300\" height=\"152\" \/><\/strong><\/p>\n<h2 style=\"text-align: center;\"><strong><span style=\"text-decoration: underline;\">Contato com a ICPAN<\/span><\/strong><\/h2>\n<h3 style=\"text-align: center;\"><span style=\"color: #0000ff;\"><a style=\"color: #0000ff;\" href=\"https:\/\/www.facebook.com\/groups\/icpancristal\/\" target=\"_blank\" rel=\"noopener\"><strong>\u21d2 FACEBOOK<\/strong><\/a><\/span><\/h3>\n<h3 style=\"text-align: center;\"><strong><br \/>\n<span style=\"color: #008000;\"><a style=\"color: #008000;\" href=\"http:\/\/wa.me\/554191632389? text=Ol\u00e1, desejo informa\u00e7\u00f5es sobre a ICPAN\" target=\"_blank\" rel=\"noopener\">\u21d2 WHATSAPP<\/a>\u00a0<\/span><\/strong><\/h3>\n<h3 style=\"text-align: center;\"><span style=\"text-decoration: underline;\"><br \/>\n<a href=\"https:\/\/www.google.com.br\/maps\/place\/ICPAN+-+Igreja+Cristo+Para+As+Na%C3%A7%C3%B5es\/@-25.5063648,-49.1340932,17z\/data=!3m1!4b1!4m5!3m4!1s0x94dcf15eadda1775:0x6760f0d0c87468c5!8m2!3d-25.5064511!4d-49.1318579\" target=\"_blank\" rel=\"noopener\">\u21d2 PESSOALMENTE<\/a><\/span><\/h3>\n<p style=\"text-align: center;\">Rua Deputado Luis Gabriel Sampaio, 986 Jardim Cristal \u2013 S\u00e3o Jos\u00e9 dos Pinhais \u2013 PR.<br \/>\n<a href=\"https:\/\/www.google.com.br\/maps\/place\/ICPAN+-+Igreja+Cristo+Para+As+Na%C3%A7%C3%B5es\/@-25.5063648,-49.1340932,17z\/data=!3m1!4b1!4m5!3m4!1s0x94dcf15eadda1775:0x6760f0d0c87468c5!8m2!3d-25.5064511!4d-49.1318579\" target=\"_blank\" rel=\"noopener\"><span style=\"color: #800080;\">Digite <span style=\"color: #000000;\">ICPAN<\/span> no Google Maps<\/span><\/a><span style=\"color: #800080;\"> (ou no Wase)<\/span><\/p>\n<h3><\/h3>\n<p>&nbsp;<\/p>\n","protected":false},"excerpt":{"rendered":"<p>Contato com a ICPAN \u21d2 FACEBOOK \u21d2 WHATSAPP\u00a0 \u21d2 PESSOALMENTE Rua Deputado Luis Gabriel Sampaio, 986 Jardim Cristal \u2013 S\u00e3o Jos\u00e9 dos Pinhais \u2013 PR. Digite ICPAN no Google Maps (ou no Wase) &nbsp;<\/p>\n","protected":false},"author":1,"featured_media":0,"parent":0,"menu_order":0,"comment_status":"closed","ping_status":"closed","template":"","meta":{"_crdt_document":"","neve_meta_sidebar":"full-width","neve_meta_container":"","neve_meta_enable_content_width":"on","neve_meta_content_width":100,"neve_meta_title_alignment":"left","neve_meta_author_avatar":"","neve_post_elements_order":"","neve_meta_disable_header":"","neve_meta_disable_footer":"","neve_meta_disable_title":"on","_themeisle_gutenberg_block_has_review":false,"footnotes":""},"class_list":["post-124","page","type-page","status-publish","hentry"],"_links":{"self":[{"href":"https:\/\/icpan.com.br\/index.php\/wp-json\/wp\/v2\/pages\/124","targetHints":{"allow":["GET"]}}],"collection":[{"href":"https:\/\/icpan.com.br\/index.php\/wp-json\/wp\/v2\/pages"}],"about":[{"href":"https:\/\/icpan.com.br\/index.php\/wp-json\/wp\/v2\/types\/page"}],"author":[{"embeddable":true,"href":"https:\/\/icpan.com.br\/index.php\/wp-json\/wp\/v2\/users\/1"}],"replies":[{"embeddable":true,"href":"https:\/\/icpan.com.br\/index.php\/wp-json\/wp\/v2\/comments?post=124"}],"version-history":[{"count":27,"href":"https:\/\/icpan.com.br\/index.php\/wp-json\/wp\/v2\/pages\/124\/revisions"}],"predecessor-version":[{"id":337,"href":"https:\/\/icpan.com.br\/index.php\/wp-json\/wp\/v2\/pages\/124\/revisions\/337"}],"wp:attachment":[{"href":"https:\/\/icpan.com.br\/index.php\/wp-json\/wp\/v2\/media?parent=124"}],"curies":[{"name":"wp","href":"https:\/\/api.w.org\/{rel}","templated":true}]}}