{"id":123,"date":"2020-01-07T16:38:22","date_gmt":"2020-01-07T16:38:22","guid":{"rendered":"https:\/\/demosites.io\/painter-gb\/?page_id=7"},"modified":"2021-11-18T17:14:38","modified_gmt":"2021-11-18T20:14:38","slug":"sobre","status":"publish","type":"page","link":"https:\/\/icpan.com.br\/index.php\/sobre\/","title":{"rendered":"Sobre"},"content":{"rendered":"<h4 style=\"padding-left: 40px;\"><strong style=\"font-size: 16px;\"><img loading=\"lazy\" decoding=\"async\" class=\"alignnone size-full wp-image-202 aligncenter\" src=\"http:\/\/icpan.com.br\/wp-content\/uploads\/2021\/11\/coracao-estreito.png\" alt=\"\" width=\"300\" height=\"152\" \/><\/strong><\/h4>\n<h4 style=\"padding-left: 40px;\"><strong style=\"font-size: 16px;\">\u00a0<\/strong><strong>ICPAN \u2013 Igreja Cristo Para As Na\u00e7\u00f5es \u2013 foi fundada em 2005 e, desde o seu in\u00edcio, vem lutando para que a nossa liberdade em Cristo seja real e verdadeira.\u00a0<\/strong><\/h4>\n<h4 style=\"padding-left: 40px;\"><strong>Primamos pelo crescimento pessoal e pela emancipa\u00e7\u00e3o de seus membros.<\/strong><\/h4>\n<h4 style=\"padding-left: 40px;\"><strong>Cremos nas Escrituras e a defendemos continuamente, confrontando ensinamentos \u201cmodernos\u201d que envergonham o Cristianismo genu\u00edno, confundem e aprisionam as pessoas e que servem somente aos interesses mesquinhos dos \u201cmercadores da f\u00e9\u201d.<\/strong><\/h4>\n<ul>\n<li style=\"list-style-type: none;\">\n<ul>\n<li>\n<h4><strong>Acreditamos na poder transformador do ensino b\u00edblico e da prega\u00e7\u00e3o. Acreditamos que o louvor e a adora\u00e7\u00e3o s\u00e3o essenciais em nossas reuni\u00f5es, mas que a Palavra deve ter primazia.<\/strong><\/h4>\n<\/li>\n<li>\n<h4><strong>Acreditamos no valor da confraterniza\u00e7\u00e3o, do respeito m\u00fatuo e do trabalho com excel\u00eancia em favor do reino de Deus.<\/strong><\/h4>\n<\/li>\n<li>\n<h4><strong>Acreditamos no valor da \u00e9tica e da moral em todas as esferas da vida, inclusive nos relacionamentos internos e entre igrejas e denomina\u00e7\u00f5es.<\/strong><\/h4>\n<\/li>\n<li>\n<h4><strong>Acreditamos, tamb\u00e9m, que a maioria das igrejas evang\u00e9licas genu\u00ednas buscam estes mesmos ideais, por isso oramos sempre por todas elas e louvamos a Deus por sua exist\u00eancia, \u00e0s quais respeitamos profundamente e as reputamos como companheiras de batalha.<\/strong><\/h4>\n<\/li>\n<\/ul>\n<\/li>\n<\/ul>\n<h4 style=\"padding-left: 40px;\"><strong>Somos uma igreja comprometida com a expans\u00e3o do reino de Deus na face da Terra. <\/strong><strong>Nosso alvo \u00e9 conquistar pessoas e cuidar bem delas.<\/strong><\/h4>\n<h4 style=\"padding-left: 40px;\"><span style=\"color: #800000;\"><em><strong>\u201cE, quando o viram, o adoraram; mas alguns duvidaram. E, chegando-se Jesus, falou-lhes, dizendo: \u00c9-me dado todo o poder no c\u00e9u e na terra. Portanto ide, fazei disc\u00edpulos de todas as na\u00e7\u00f5es, batizando-os em nome do Pai, e do Filho, e do Esp\u00edrito Santo; ensinando-os a guardar todas as coisas que eu vos tenho mandado; e eis que eu estou convosco todos os dias, at\u00e9 a consuma\u00e7\u00e3o dos s\u00e9culos. Am\u00e9m \u201d \u2013 Mateus 28.17-20.<\/strong><\/em><\/span><\/h4>\n<h4><\/h4>\n<h4 style=\"text-align: center;\"><strong>ICPAN \u00ae \u00e9 marca registrada no INPI, de uso exclusivo desta igreja em todo o territ\u00f3rio nacional.<\/strong><\/h4>\n<h4><\/h4>\n","protected":false},"excerpt":{"rendered":"<p>\u00a0ICPAN \u2013 Igreja Cristo Para As Na\u00e7\u00f5es \u2013 foi fundada em 2005 e, desde o seu in\u00edcio, vem lutando para que a nossa liberdade em Cristo seja real e verdadeira.\u00a0 Primamos pelo crescimento pessoal e pela emancipa\u00e7\u00e3o de seus membros. Cremos nas Escrituras e a defendemos continuamente, confrontando ensinamentos \u201cmodernos\u201d que envergonham o Cristianismo genu\u00edno,&hellip;&nbsp;<a href=\"https:\/\/icpan.com.br\/index.php\/sobre\/\" rel=\"bookmark\">Continue a ler &raquo;<span class=\"screen-reader-text\">Sobre<\/span><\/a><\/p>\n","protected":false},"author":1,"featured_media":0,"parent":0,"menu_order":0,"comment_status":"closed","ping_status":"closed","template":"","meta":{"_crdt_document":"","neve_meta_sidebar":"full-width","neve_meta_container":"contained","neve_meta_enable_content_width":"on","neve_meta_content_width":100,"neve_meta_title_alignment":"left","neve_meta_author_avatar":"","neve_post_elements_order":"","neve_meta_disable_header":"","neve_meta_disable_footer":"","neve_meta_disable_title":"on","_themeisle_gutenberg_block_has_review":false,"footnotes":""},"class_list":["post-123","page","type-page","status-publish","hentry"],"_links":{"self":[{"href":"https:\/\/icpan.com.br\/index.php\/wp-json\/wp\/v2\/pages\/123","targetHints":{"allow":["GET"]}}],"collection":[{"href":"https:\/\/icpan.com.br\/index.php\/wp-json\/wp\/v2\/pages"}],"about":[{"href":"https:\/\/icpan.com.br\/index.php\/wp-json\/wp\/v2\/types\/page"}],"author":[{"embeddable":true,"href":"https:\/\/icpan.com.br\/index.php\/wp-json\/wp\/v2\/users\/1"}],"replies":[{"embeddable":true,"href":"https:\/\/icpan.com.br\/index.php\/wp-json\/wp\/v2\/comments?post=123"}],"version-history":[{"count":14,"href":"https:\/\/icpan.com.br\/index.php\/wp-json\/wp\/v2\/pages\/123\/revisions"}],"predecessor-version":[{"id":286,"href":"https:\/\/icpan.com.br\/index.php\/wp-json\/wp\/v2\/pages\/123\/revisions\/286"}],"wp:attachment":[{"href":"https:\/\/icpan.com.br\/index.php\/wp-json\/wp\/v2\/media?parent=123"}],"curies":[{"name":"wp","href":"https:\/\/api.w.org\/{rel}","templated":true}]}}