{"id":122,"date":"2020-01-07T16:38:22","date_gmt":"2020-01-07T16:38:22","guid":{"rendered":"https:\/\/demosites.io\/painter-gb\/?page_id=6"},"modified":"2022-04-10T17:54:49","modified_gmt":"2022-04-10T20:54:49","slug":"34b08-artist-homepage","status":"publish","type":"page","link":"https:\/\/icpan.com.br\/","title":{"rendered":"Homepage"},"content":{"rendered":"<p><img loading=\"lazy\" decoding=\"async\" class=\"aligncenter wp-image-177\" src=\"http:\/\/icpan.com.br\/wp-content\/uploads\/2021\/11\/logo-icpan-grande.jpg\" alt=\"\" width=\"600\" height=\"327\" srcset=\"https:\/\/icpan.com.br\/wp-content\/uploads\/2021\/11\/logo-icpan-grande.jpg 1244w, https:\/\/icpan.com.br\/wp-content\/uploads\/2021\/11\/logo-icpan-grande-300x164.jpg 300w, https:\/\/icpan.com.br\/wp-content\/uploads\/2021\/11\/logo-icpan-grande-1024x558.jpg 1024w, https:\/\/icpan.com.br\/wp-content\/uploads\/2021\/11\/logo-icpan-grande-768x419.jpg 768w, https:\/\/icpan.com.br\/wp-content\/uploads\/2021\/11\/logo-icpan-grande-600x327.jpg 600w\" sizes=\"auto, (max-width: 600px) 100vw, 600px\" \/><\/p>\r\n<h3>\u00a0<\/h3>\r\n<h2 style=\"text-align: center;\"><span style=\"color: #800000;\"><span style=\"text-decoration: underline;\">CULTO DA FAM\u00cdLIA<\/span>: Domingo, \u00e0s 9h.<\/span><\/h2>\r\n<h2 style=\"text-align: center;\"><span style=\"color: #800000;\"><strong><u>AVIVA JOVEM<\/u>: S\u00e1bados, \u00e0s 20h.<\/strong><\/span><\/h2>\r\n<h3 style=\"text-align: center;\"><br \/>Nossa p\u00e1gina no Facebook: <a href=\"https:\/\/www.facebook.com\/icpanoficial\" target=\"_blank\" rel=\"noreferrer noopener\">ICPAN JD CRISTAL<\/a><\/h3>\r\n<!-- \/wp:post-content -->\r\n\r\n<!-- wp:paragraph \/-->\r\n\r\n<!-- wp:paragraph \/-->\r\n\r\n<!-- wp:paragraph \/-->\r\n\r\n<!-- wp:paragraph \/-->\r\n\r\n<!-- wp:paragraph \/-->\r\n\r\n<!-- wp:paragraph \/-->\r\n\r\n<!-- wp:paragraph \/-->\r\n\r\n<!-- wp:paragraph -->\r\n<p style=\"text-align: center;\"><strong>Rua Deputado Lu\u00eds Gabriel Sampaio, 986 Jardim Cristal &#8211; S\u00e3o Jos\u00e9 dos Pinhais &#8211; PR.<\/strong><br \/><strong><a href=\"https:\/\/www.google.com.br\/maps\/place\/ICPAN+-+Igreja+Cristo+Para+As+Na%C3%A7%C3%B5es\/@-25.5063648,-49.1340932,17z\/data=!3m1!4b1!4m5!3m4!1s0x94dcf15eadda1775:0x6760f0d0c87468c5!8m2!3d-25.5064511!4d-49.1318579\" target=\"_blank\" rel=\"noopener\">Digite ICPAN no Google Maps<\/a><\/strong>\u00a0(ou no Wase).<\/p>\r\n<p>&nbsp;<\/p>\r\n<!-- \/wp:paragraph -->\r\n\r\n<!-- wp:paragraph \/-->\r\n\r\n","protected":false},"excerpt":{"rendered":"<p>\u00a0 CULTO DA FAM\u00cdLIA: Domingo, \u00e0s 9h. AVIVA JOVEM: S\u00e1bados, \u00e0s 20h. Nossa p\u00e1gina no Facebook: ICPAN JD CRISTAL Rua Deputado Lu\u00eds Gabriel Sampaio, 986 Jardim Cristal &#8211; S\u00e3o Jos\u00e9 dos Pinhais &#8211; PR.Digite ICPAN no Google Maps\u00a0(ou no Wase). &nbsp;<\/p>\n","protected":false},"author":1,"featured_media":0,"parent":0,"menu_order":0,"comment_status":"closed","ping_status":"closed","template":"","meta":{"_crdt_document":"","neve_meta_sidebar":"full-width","neve_meta_container":"","neve_meta_enable_content_width":"on","neve_meta_content_width":100,"neve_meta_title_alignment":"","neve_meta_author_avatar":"","neve_post_elements_order":"","neve_meta_disable_header":"","neve_meta_disable_footer":"","neve_meta_disable_title":"on","_themeisle_gutenberg_block_has_review":false,"footnotes":""},"class_list":["post-122","page","type-page","status-publish","hentry"],"_links":{"self":[{"href":"https:\/\/icpan.com.br\/index.php\/wp-json\/wp\/v2\/pages\/122","targetHints":{"allow":["GET"]}}],"collection":[{"href":"https:\/\/icpan.com.br\/index.php\/wp-json\/wp\/v2\/pages"}],"about":[{"href":"https:\/\/icpan.com.br\/index.php\/wp-json\/wp\/v2\/types\/page"}],"author":[{"embeddable":true,"href":"https:\/\/icpan.com.br\/index.php\/wp-json\/wp\/v2\/users\/1"}],"replies":[{"embeddable":true,"href":"https:\/\/icpan.com.br\/index.php\/wp-json\/wp\/v2\/comments?post=122"}],"version-history":[{"count":33,"href":"https:\/\/icpan.com.br\/index.php\/wp-json\/wp\/v2\/pages\/122\/revisions"}],"predecessor-version":[{"id":335,"href":"https:\/\/icpan.com.br\/index.php\/wp-json\/wp\/v2\/pages\/122\/revisions\/335"}],"wp:attachment":[{"href":"https:\/\/icpan.com.br\/index.php\/wp-json\/wp\/v2\/media?parent=122"}],"curies":[{"name":"wp","href":"https:\/\/api.w.org\/{rel}","templated":true}]}}